{"id":22,"date":"2024-06-04T14:39:59","date_gmt":"2024-06-04T12:39:59","guid":{"rendered":"https:\/\/thomas-hortlik.de\/cms\/?page_id=22"},"modified":"2026-02-17T16:33:20","modified_gmt":"2026-02-17T15:33:20","slug":"supervision","status":"publish","type":"page","link":"https:\/\/thomas-hortlik.de\/cms\/supervision\/","title":{"rendered":"Supervision"},"content":{"rendered":"\n<figure class=\"wp-block-table\"><table><tbody><tr><td>&nbsp; &nbsp;<\/td><td rowspan=\"2\">&nbsp;<\/td><\/tr><tr><td><\/td><\/tr><tr><td>&nbsp;<\/td><td>&nbsp;<\/td><\/tr><tr><td>Die Systemische Gesellschaft beschreibt: &#8222;Supervision ist ein professionelles Verfahren der Beobachtung und Reflexion beruflicher wie institutioneller Praxis und Weiterbildung. Systemische Supervision besch\u00e4ftigt sich mit einer Vielzahl von Wechselwirkungen in komplexen Systemen. Sie fokussiert auf Interaktionen, Mustern und Prozessen im beruflichen Kontext. Institutionelle und individuelle Probleme werden auf der Ebene kommunikativer Muster und Beziehungsstrukturen sozialer Systeme (re)konstruiert und kontextualisiert. Menschen werden in systemischen Ans\u00e4tzen als autonom und selbstverantwortlich gesehen. Systemische Supervision respektiert Verhalten als nicht vorhersehbar, kontrollierbar oder beliebig ver\u00e4nderbar.<br>Systemische Supervision regt das Einnehmen einer Au\u00dfenperspektive in Bezug auf institutionelle und individuelle Fragen an und erzeugt durch den Vergleich mehrerer Blickwinkel Multiperspektivit\u00e4t. &#8222;Der Blick von au\u00dfen&#8220; erm\u00f6glicht es den Beteiligten, die Spielregeln und m\u00f6glichen Zielrichtungen eines Geschehens zu beschreiben und erleichtert es zu entscheiden, welche Strukturen und kommunikativen Beitr\u00e4ge ver\u00e4ndert und welche beibehalten werden sollen. Statt der immer pr\u00e4ziseren Erfassung von &#8222;Erkenntnisobjekten&#8220; r\u00fcckt die erkennende Person mit ihren je spezifischen Ressourcen und Unterscheidungen in den Vordergrund. Systemische Supervision betrachtet Supervisandinnen und Supervisanden als &#8222;Expertinnen und Experten ihrer selbst&#8220;. Sie orientiert sich an ihren Fragen, nutzt und aktiviert ihre Ressourcen und schafft damit M\u00f6glichkeiten, neue Handlungsoptionen zu entwickeln.&#8220;<br><br>Ich biete Supervision sowohl f\u00fcr Einzelne als auch f\u00fcr Teams im profit- wie non-profit-Bereich an. F\u00fcr eine erste Terminabsprache oder weitere Kl\u00e4rung inhaltlicher Fragen mailen Sie mich bitte an, vielen Dank!<\/td><\/tr><\/tbody><\/table><\/figure>\n","protected":false},"excerpt":{"rendered":"<p>&nbsp; &nbsp; &nbsp; &nbsp; &nbsp; Die Systemische Gesellschaft beschreibt: &#8222;Supervision ist ein professionelles Verfahren der Beobachtung und Reflexion beruflicher wie institutioneller Praxis und Weiterbildung. Systemische Supervision besch\u00e4ftigt sich mit einer Vielzahl von Wechselwirkungen in komplexen Systemen. Sie fokussiert auf Interaktionen, &hellip; <a href=\"https:\/\/thomas-hortlik.de\/cms\/supervision\/\">Weiterlesen <span class=\"meta-nav\">&rarr;<\/span><\/a><\/p>\n","protected":false},"author":1,"featured_media":0,"parent":0,"menu_order":2,"comment_status":"closed","ping_status":"closed","template":"","meta":{"footnotes":""},"class_list":["post-22","page","type-page","status-publish","hentry"],"_links":{"self":[{"href":"https:\/\/thomas-hortlik.de\/cms\/wp-json\/wp\/v2\/pages\/22","targetHints":{"allow":["GET"]}}],"collection":[{"href":"https:\/\/thomas-hortlik.de\/cms\/wp-json\/wp\/v2\/pages"}],"about":[{"href":"https:\/\/thomas-hortlik.de\/cms\/wp-json\/wp\/v2\/types\/page"}],"author":[{"embeddable":true,"href":"https:\/\/thomas-hortlik.de\/cms\/wp-json\/wp\/v2\/users\/1"}],"replies":[{"embeddable":true,"href":"https:\/\/thomas-hortlik.de\/cms\/wp-json\/wp\/v2\/comments?post=22"}],"version-history":[{"count":3,"href":"https:\/\/thomas-hortlik.de\/cms\/wp-json\/wp\/v2\/pages\/22\/revisions"}],"predecessor-version":[{"id":27,"href":"https:\/\/thomas-hortlik.de\/cms\/wp-json\/wp\/v2\/pages\/22\/revisions\/27"}],"wp:attachment":[{"href":"https:\/\/thomas-hortlik.de\/cms\/wp-json\/wp\/v2\/media?parent=22"}],"curies":[{"name":"wp","href":"https:\/\/api.w.org\/{rel}","templated":true}]}}