{"id":28,"date":"2024-06-04T14:44:14","date_gmt":"2024-06-04T12:44:14","guid":{"rendered":"https:\/\/thomas-hortlik.de\/cms\/?page_id=28"},"modified":"2026-02-18T16:49:35","modified_gmt":"2026-02-18T15:49:35","slug":"impressum","status":"publish","type":"page","link":"https:\/\/thomas-hortlik.de\/cms\/impressum\/","title":{"rendered":"Impressum"},"content":{"rendered":"\n<figure class=\"wp-block-table\"><table><tbody><tr><td><\/td><td rowspan=\"2\">&nbsp;<\/td><\/tr><tr><td>Angaben gem\u00e4\u00df Teledienstgesetz<\/td><\/tr><tr><td>&nbsp;<\/td><td>&nbsp;<\/td><\/tr><tr><td>Thomas Hortlik, 1957 geboren;<br>Dipl.-Psychologe<br>Approbation als Psychologischer Psychotherapeut 1999 durch die Bezirksregierung M\u00fcnster<br>Mitglied <a href=\"http:\/\/www.psychotherapeutenkammer-nrw.de\">Psychotherapeutenkammer NRW<\/a>, D\u00fcsseldorf<br>Das Berufsrecht ist, soweit keine andere Regelungen durch die Kammer g\u00fcltig sind, durch das Psychotherapeutengesetz geregelt:<br>Gesetz \u00fcber die Berufe des Psychologischen Psychotherapeuten und des Kinder- und Jugendlichenpsychotherapeuten (Psychotherapeutengesetz &#8211; PsychThG) vom 1.1.1999<br>Bis zur Aufgabe meiner Praxis Dezember 2022 zugelassen bei der Kassen\u00e4rztlichen Vereinigung Westfalen-Lippe, Dortmund (Aufsichtsbeh\u00f6rde) f\u00fcr:<br>Verhaltenstherapie f\u00fcr Erwachsene als Einzeltherapie<br>Abrechnungserlaubnis f\u00fcr Hypnose<br><br>Kontakt: Parallelstr. 12 in 46284 Dorsten, Tel.: 0179 5921865<br>E-Mail: mailan@thomas-hortlik.de<\/td><\/tr><\/tbody><\/table><\/figure>\n","protected":false},"excerpt":{"rendered":"<p>&nbsp; Angaben gem\u00e4\u00df Teledienstgesetz &nbsp; &nbsp; Thomas Hortlik, 1957 geboren;Dipl.-PsychologeApprobation als Psychologischer Psychotherapeut 1999 durch die Bezirksregierung M\u00fcnsterMitglied Psychotherapeutenkammer NRW, D\u00fcsseldorfDas Berufsrecht ist, soweit keine andere Regelungen durch die Kammer g\u00fcltig sind, durch das Psychotherapeutengesetz geregelt:Gesetz \u00fcber die Berufe des &hellip; <a href=\"https:\/\/thomas-hortlik.de\/cms\/impressum\/\">Weiterlesen <span class=\"meta-nav\">&rarr;<\/span><\/a><\/p>\n","protected":false},"author":1,"featured_media":0,"parent":0,"menu_order":110,"comment_status":"closed","ping_status":"closed","template":"","meta":{"footnotes":""},"class_list":["post-28","page","type-page","status-publish","hentry"],"_links":{"self":[{"href":"https:\/\/thomas-hortlik.de\/cms\/wp-json\/wp\/v2\/pages\/28","targetHints":{"allow":["GET"]}}],"collection":[{"href":"https:\/\/thomas-hortlik.de\/cms\/wp-json\/wp\/v2\/pages"}],"about":[{"href":"https:\/\/thomas-hortlik.de\/cms\/wp-json\/wp\/v2\/types\/page"}],"author":[{"embeddable":true,"href":"https:\/\/thomas-hortlik.de\/cms\/wp-json\/wp\/v2\/users\/1"}],"replies":[{"embeddable":true,"href":"https:\/\/thomas-hortlik.de\/cms\/wp-json\/wp\/v2\/comments?post=28"}],"version-history":[{"count":4,"href":"https:\/\/thomas-hortlik.de\/cms\/wp-json\/wp\/v2\/pages\/28\/revisions"}],"predecessor-version":[{"id":100,"href":"https:\/\/thomas-hortlik.de\/cms\/wp-json\/wp\/v2\/pages\/28\/revisions\/100"}],"wp:attachment":[{"href":"https:\/\/thomas-hortlik.de\/cms\/wp-json\/wp\/v2\/media?parent=28"}],"curies":[{"name":"wp","href":"https:\/\/api.w.org\/{rel}","templated":true}]}}