{"id":30,"date":"2024-06-04T14:45:56","date_gmt":"2024-06-04T12:45:56","guid":{"rendered":"https:\/\/thomas-hortlik.de\/cms\/?page_id=30"},"modified":"2024-06-04T14:46:18","modified_gmt":"2024-06-04T12:46:18","slug":"eine-therapeutin-finden","status":"publish","type":"page","link":"https:\/\/thomas-hortlik.de\/cms\/eine-therapeutin-finden\/","title":{"rendered":"Ein:e Therapeut:in finden"},"content":{"rendered":"\n<figure class=\"wp-block-table\"><table><tbody><tr><td>&nbsp; &nbsp;<\/td><td rowspan=\"2\">&nbsp;<\/td><\/tr><tr><td>Wie eine Psychotherapeutin, einen Psychotherapeuten finden?<\/td><\/tr><tr><td>&nbsp;<\/td><td>&nbsp;<\/td><\/tr><tr><td>Die Aus\u00fcbung von Psychotherapie ist ein Deutschland (und in vielen anderen L\u00e4ndern) eine heilkundliche T\u00e4tigkeit; d.h., neben einem Studium (Psychologie oder Medizin, f\u00fcr den Kinder- und Jugendlichenbereich auch Sozialp\u00e4dagogik u.a.) bedarf es einer staatlichen Zulassung, der Approbation, oder einer Zulassung nach dem Heilpraktikergesetz. Letzteres erkennt man meist an der Bezeichnung: Heilpraktiker &#8211; Psychotherapie. Hier ist anzumerken, dass Heilpraktiker zwar eine Pr\u00fcfung zur Zulassung machen, diese aber keine Aus- oder Weiterbildung voraussetzt!<br><br>Durch das Psychotherapeutengesetzt wurden (ich beschr\u00e4nke mich hier auf den Erwachsenenbereich!) zwei neue Berufe geschaffen:<br>die \u00e4rztliche Psychotherapeutin \/ der \u00e4rztliche Psychotherapeut sowie die psychologische Psychotherapeutin \/ der psychologische Psychotherapeut.<br>Diese Wortunget\u00fcme verweisen auf den jeweiligen Grundberuf \u00c4rztin\/Arzt bzw. PsychologIn, auf dem aufbauend dann eine spezielle psychotherapeutische Weiterbildung absolviert werden mu\u00df<br><br>Auskunft \u00fcber die zugelassenen Behandler in Ihrer Region geben die Krankenkassen oder die kassen\u00e4rztlichen Vereinigungen.<br>Auch ausserhalb der kassen\u00e4rztlichen Versorgung d\u00fcrfen approbierte Psychotherapeuten t\u00e4tig sein f\u00fcr Selbstzahler und private Krankenkassen.<br><br>Die Anerkennung sagt zun\u00e4chst nichts \u00fcber die Eignung f\u00fcr <strong>Sie<\/strong> aus. Machen Sie sich vor einen Erstgespr\u00e4ch eine pers\u00f6nliche Checkliste der Punkte, die Sie wichtig finden. Diese k\u00f6nnte so aussehen:<br><br>Suchen Sie eine Frau oder einen Mann? Fragen Sie nach der Grundausbildung und bisherigen Berufst\u00e4tigkeiten.<br>Ich w\u00fcrde z.B. nicht zu jemandem gehen, der keine institutionelle Erfahrung im Bereich Psychotherapie, z.B. in einer Klinik oder Beratungsstelle, gesammelt hat. F\u00fchlen Sie sich spontan wohl und gut aufgehoben im Erstgespr\u00e4ch? Bemerken Sie nach drei, vier Gespr\u00e4chen eine Ver\u00e4nderung?<br>Falls nicht, lassen Sie keine Ausrede gelten wie: erst die Anamnese und Diagnostik, oder: es mu\u00df sich erst einmal eine Beziehung aufgbauen, das dauert etwas. Kommen Sie miteinander ins Gespr\u00e4ch oder sind fast nur Sie am reden? M\u00fcssen Sie ellenlange Frageb\u00f6gen ausf\u00fcllen? Hier sollten Sie abkl\u00e4ren, wozu dies dienlich ist.<br><br>Erlauben Sie sich, bei mehreren TherapeutInnen ein Erstgespr\u00e4ch zu machen, dann k\u00f6nnen Sie wirklich w\u00e4hlen; und machen Sie es nicht zu kompliziert: vertrauen Sie Ihrem Gef\u00fchl und Ihrem Verstand! Sollte es doch nicht zu einer hilfreichen Zusammenarbeit kommen, steht einem Therapeutenwechsel nichts entgegen.<\/td><\/tr><\/tbody><\/table><\/figure>\n","protected":false},"excerpt":{"rendered":"<p>&nbsp; &nbsp; &nbsp; Wie eine Psychotherapeutin, einen Psychotherapeuten finden? &nbsp; &nbsp; Die Aus\u00fcbung von Psychotherapie ist ein Deutschland (und in vielen anderen L\u00e4ndern) eine heilkundliche T\u00e4tigkeit; d.h., neben einem Studium (Psychologie oder Medizin, f\u00fcr den Kinder- und Jugendlichenbereich auch Sozialp\u00e4dagogik &hellip; <a href=\"https:\/\/thomas-hortlik.de\/cms\/eine-therapeutin-finden\/\">Weiterlesen <span class=\"meta-nav\">&rarr;<\/span><\/a><\/p>\n","protected":false},"author":1,"featured_media":0,"parent":0,"menu_order":80,"comment_status":"closed","ping_status":"closed","template":"","meta":{"footnotes":""},"class_list":["post-30","page","type-page","status-publish","hentry"],"_links":{"self":[{"href":"https:\/\/thomas-hortlik.de\/cms\/wp-json\/wp\/v2\/pages\/30","targetHints":{"allow":["GET"]}}],"collection":[{"href":"https:\/\/thomas-hortlik.de\/cms\/wp-json\/wp\/v2\/pages"}],"about":[{"href":"https:\/\/thomas-hortlik.de\/cms\/wp-json\/wp\/v2\/types\/page"}],"author":[{"embeddable":true,"href":"https:\/\/thomas-hortlik.de\/cms\/wp-json\/wp\/v2\/users\/1"}],"replies":[{"embeddable":true,"href":"https:\/\/thomas-hortlik.de\/cms\/wp-json\/wp\/v2\/comments?post=30"}],"version-history":[{"count":1,"href":"https:\/\/thomas-hortlik.de\/cms\/wp-json\/wp\/v2\/pages\/30\/revisions"}],"predecessor-version":[{"id":31,"href":"https:\/\/thomas-hortlik.de\/cms\/wp-json\/wp\/v2\/pages\/30\/revisions\/31"}],"wp:attachment":[{"href":"https:\/\/thomas-hortlik.de\/cms\/wp-json\/wp\/v2\/media?parent=30"}],"curies":[{"name":"wp","href":"https:\/\/api.w.org\/{rel}","templated":true}]}}