{"id":32,"date":"2024-06-04T14:50:10","date_gmt":"2024-06-04T12:50:10","guid":{"rendered":"https:\/\/thomas-hortlik.de\/cms\/?page_id=32"},"modified":"2026-02-20T17:57:19","modified_gmt":"2026-02-20T16:57:19","slug":"vita","status":"publish","type":"page","link":"https:\/\/thomas-hortlik.de\/cms\/vita\/","title":{"rendered":"Vita"},"content":{"rendered":"\n<figure class=\"wp-block-table\"><table><tbody><tr><td>Thomas Hortlik, 1957 geboren;<br>Dipl.-Psychologe<br><br>Approbation als psychologischer Psychotherapeut durch die Bezirksregierung M\u00fcnster, Mitglied der Psychotherapeutenkammer NRW.<br>Die berufsrechtlichen Regelungen sind dort einsehbar<br>Ich habe in Bonn, Berlin und M\u00fcnster Mathematik, Philosophie und Psychologie studiert, 1985 Diplom in Psychologie in M\u00fcnster. Zun\u00e4chst arbeitete ich 1 Jahr in einer Suchtberatungsstelle, dann 12 Jahre in einer ambulanten und station\u00e4ren Einrichtung der Krisenhilfe (Krisenzentrum Dortmund).<br><br>Psychotherapeutische Praxis in Dorsten von 1992 bis 2023, seitdem online t\u00e4tig.<br><br>Fortbildung in verschiedene k\u00f6rperorientierte Methoden der Selbsterfahrung, in Gestalttherapie (Richard van Egdom) und in Co-Counceling,<br>1994 bis 2000 Gr\u00fcndung mit zwei Kolleginnen des Instituts an der Ruhr, Bochum. In dieser Zeit Durchf\u00fchrung von Seminaren, Supervisionen und Selbsterfahrung im Rahmen der Weiterbildung nach den Richtlinien der Systemischen Gesellschaft, Berlin.<br><br>Weiterbildung in Systemischer Therapie (IGST Heidelberg, Dr. med. Gunther Schmidt) und in Klinischer Hypnose (Milton Erickson Gesellschaft, M\u00fcnchen).<br>Lehrtherapeut f\u00fcr Systemische Therapie der Systemischen Gesellschaft e.V., Berlin<br>PEP\u00ae (n Dr. Bohne)<br><br>Cave: ich habe meine sog. sozialrechtliche Zulassung, meinen &#8222;Praxissitz&#8220;, aufgegeben, sodass ich nicht mehr mit gesetzlichen Krankenkassen abrechnen kann!<\/td><td><\/td><\/tr><tr><td>&nbsp;<\/td><\/tr><\/tbody><\/table><\/figure>\n","protected":false},"excerpt":{"rendered":"<p>Thomas Hortlik, 1957 geboren;Dipl.-Psychologe Approbation als psychologischer Psychotherapeut durch die Bezirksregierung M\u00fcnster, Mitglied der Psychotherapeutenkammer NRW.Die berufsrechtlichen Regelungen sind dort einsehbarIch habe in Bonn, Berlin und M\u00fcnster Mathematik, Philosophie und Psychologie studiert, 1985 Diplom in Psychologie in M\u00fcnster. Zun\u00e4chst arbeitete &hellip; <a href=\"https:\/\/thomas-hortlik.de\/cms\/vita\/\">Weiterlesen <span class=\"meta-nav\">&rarr;<\/span><\/a><\/p>\n","protected":false},"author":1,"featured_media":0,"parent":0,"menu_order":70,"comment_status":"closed","ping_status":"closed","template":"","meta":{"footnotes":""},"class_list":["post-32","page","type-page","status-publish","hentry"],"_links":{"self":[{"href":"https:\/\/thomas-hortlik.de\/cms\/wp-json\/wp\/v2\/pages\/32","targetHints":{"allow":["GET"]}}],"collection":[{"href":"https:\/\/thomas-hortlik.de\/cms\/wp-json\/wp\/v2\/pages"}],"about":[{"href":"https:\/\/thomas-hortlik.de\/cms\/wp-json\/wp\/v2\/types\/page"}],"author":[{"embeddable":true,"href":"https:\/\/thomas-hortlik.de\/cms\/wp-json\/wp\/v2\/users\/1"}],"replies":[{"embeddable":true,"href":"https:\/\/thomas-hortlik.de\/cms\/wp-json\/wp\/v2\/comments?post=32"}],"version-history":[{"count":6,"href":"https:\/\/thomas-hortlik.de\/cms\/wp-json\/wp\/v2\/pages\/32\/revisions"}],"predecessor-version":[{"id":111,"href":"https:\/\/thomas-hortlik.de\/cms\/wp-json\/wp\/v2\/pages\/32\/revisions\/111"}],"wp:attachment":[{"href":"https:\/\/thomas-hortlik.de\/cms\/wp-json\/wp\/v2\/media?parent=32"}],"curies":[{"name":"wp","href":"https:\/\/api.w.org\/{rel}","templated":true}]}}