{"id":98,"date":"2026-02-17T16:35:09","date_gmt":"2026-02-17T15:35:09","guid":{"rendered":"https:\/\/thomas-hortlik.de\/cms\/?page_id=98"},"modified":"2026-02-19T11:27:08","modified_gmt":"2026-02-19T10:27:08","slug":"angebot","status":"publish","type":"page","link":"https:\/\/thomas-hortlik.de\/cms\/angebot\/","title":{"rendered":"Angebot"},"content":{"rendered":"\n<p>Ich biete Ihnen online Kurzzeit-Therapie bzw. Kurzzeit-Beratung an.<\/p>\n\n\n\n<p>Es gibt zwei M\u00f6glichkeiten: einmal, dass wir Termine einzeln von Fall zu Fall absprechen, oder das wir immer Bl\u00f6cke von einigen Terminen absprechen, deren zeitlichen Ablauf wir gemeinsam bestimmen. Ein halbst\u00fcndiges Erstgespr\u00e4ch zur Abkl\u00e4rung Ihres Anliegens ist kostenfrei.<\/p>\n\n\n\n<p>Diese Sitzungen werden online am Computer oder Notebook durchgef\u00fchrt, eine gute Internetverbindung vorausgesetzt. <\/p>\n\n\n\n<p>Sie erhalten nach einem Termine eine E-Mail von mir, wo weitere Ideen, Zusammenfassung unseres Gespr\u00e4ches und alles M\u00f6gliche weitere drinsteht, sodass Sie zu Hause weiter arbeiten k\u00f6nnen.<\/p>\n\n\n\n<p>M\u00f6chten Sie ein erstes Abkl\u00e4rungsgespr\u00e4ch vereinbaren, schicken Sie mir eine E-Mail an folgende Adresse: <a href=\"mailto:mailan@thomas-hortlik.de\">mailan@thomas-hortlik.de<\/a> und erz\u00e4hlen ein wenig \u00fcber Ihr Anliegen und Ihre Fragen und was Sie sonst noch f\u00fcr wichtig erachten. Ich werde mich dann zeitnah bei Ihnen melden.<\/p>\n","protected":false},"excerpt":{"rendered":"<p>Ich biete Ihnen online Kurzzeit-Therapie bzw. Kurzzeit-Beratung an. Es gibt zwei M\u00f6glichkeiten: einmal, dass wir Termine einzeln von Fall zu Fall absprechen, oder das wir immer Bl\u00f6cke von einigen Terminen absprechen, deren zeitlichen Ablauf wir gemeinsam bestimmen. Ein halbst\u00fcndiges Erstgespr\u00e4ch &hellip; <a href=\"https:\/\/thomas-hortlik.de\/cms\/angebot\/\">Weiterlesen <span class=\"meta-nav\">&rarr;<\/span><\/a><\/p>\n","protected":false},"author":1,"featured_media":0,"parent":0,"menu_order":0,"comment_status":"closed","ping_status":"closed","template":"","meta":{"footnotes":""},"class_list":["post-98","page","type-page","status-publish","hentry"],"_links":{"self":[{"href":"https:\/\/thomas-hortlik.de\/cms\/wp-json\/wp\/v2\/pages\/98","targetHints":{"allow":["GET"]}}],"collection":[{"href":"https:\/\/thomas-hortlik.de\/cms\/wp-json\/wp\/v2\/pages"}],"about":[{"href":"https:\/\/thomas-hortlik.de\/cms\/wp-json\/wp\/v2\/types\/page"}],"author":[{"embeddable":true,"href":"https:\/\/thomas-hortlik.de\/cms\/wp-json\/wp\/v2\/users\/1"}],"replies":[{"embeddable":true,"href":"https:\/\/thomas-hortlik.de\/cms\/wp-json\/wp\/v2\/comments?post=98"}],"version-history":[{"count":6,"href":"https:\/\/thomas-hortlik.de\/cms\/wp-json\/wp\/v2\/pages\/98\/revisions"}],"predecessor-version":[{"id":110,"href":"https:\/\/thomas-hortlik.de\/cms\/wp-json\/wp\/v2\/pages\/98\/revisions\/110"}],"wp:attachment":[{"href":"https:\/\/thomas-hortlik.de\/cms\/wp-json\/wp\/v2\/media?parent=98"}],"curies":[{"name":"wp","href":"https:\/\/api.w.org\/{rel}","templated":true}]}}